{"id":2280,"date":"2024-01-02T16:57:45","date_gmt":"2024-01-02T21:57:45","guid":{"rendered":"https:\/\/teesriduniyatheatre.com\/privacy-policy\/"},"modified":"2024-08-08T15:42:55","modified_gmt":"2024-08-08T19:42:55","slug":"privacy-policy","status":"publish","type":"page","link":"https:\/\/teesriduniyatheatre.com\/fr\/privacy-policy\/","title":{"rendered":"Politique de Confidentialit\u00e9"},"content":{"rendered":"        <\/div><header id=\"block_74137cb63c476ca31369304b68abc80e\" \n    class=\"block_74137cb63c476ca31369304b68abc80e tw-section content-section-multimedia uk-preserve-color   uk-position-relative uk-section uk-section-overlap uk-section-small uk-section-secondary  layout-grid header-section layout-multimedia layout-multimedia-none\"\n    \n        >\n    \n    \n    \n        \n    <!-- Open Wrapper-->\n    <div class=\"uk-container uk-container-xsmall  uk-container-expand-center   uk-position-relative\">\n    <!-- Open Wrapper Inner --> <div>\n    <div class=\"spacer-section uk-width-1-1\" style=\"height:100px;\"><\/div>    \n    <div class=\"uk-grid uk-grid-item-match uk-position-relative  uk-grid-medium\" uk-grid uk-height-match><!-- Open Grid -->\n                <div class=\"uk-width-1-1 uk-width-expand@s \" style=\"\">\n            <div  >\n            <header class=\"section-header uk-margin-bottom uk-text-center uk-light \" uk-scrollspy=\"cls: uk-animation-slide-left-small; delay: 300; \" >  \n    \n            \n        <h1 class=\"uk-heading-medium  uk-margin-remove-top  content-section-title \">\n            Politique de Confidentialit\u00e9\n        <\/h1>\n            \n    \n\n    <\/header>\n            <\/div>\n        <\/div>\n            \n            <div class=\"block-none uk-inline uk-width-1-1 uk-width-1-1@m uk-flex uk-flex-first uk-flex-center uk-flex-column \">\n                <div class=\"\"><\/div>            <\/div>\n        \n        <\/div><!-- Close Grid -->\n        <\/div><!-- Close Inner Wrapper -->\n<\/div><!-- Close Wrapper-->    <\/header>\n    \n\n<div class=\"uk-container uk-container-xsmall\" >\n    \n\n\n<div style=\"height:30px\" aria-hidden=\"true\" class=\"wp-block-spacer\"><\/div>\n\n\n\n<p>Cette Politique de Confidentialit\u00e9 r\u00e9git la mani\u00e8re dont Teesri Duniya Theatre collecte, utilise, maintient et divulgue les informations collect\u00e9es aupr\u00e8s des utilisateurs (chacun, un \u00ab Utilisateur \u00bb) du site web <a href=\"http:\/\/teesriduniyatheatre.com\/\" rel=\"noreferrer noopener\" target=\"_blank\">teesriduniyatheatre.com<\/a> (\u00ab Site \u00bb). Cette politique de confidentialit\u00e9 s&rsquo;applique au Site et \u00e0 tous les produits et services offerts par Teesri Duniya Theatre.<\/p>\n\n\n\n<hr class=\"wp-block-separator has-alpha-channel-opacity\"\/>\n\n\n\n<h2 class=\"wp-block-heading\">Informations d&rsquo;Identification Personnelle<\/h2>\n\n\n\n<p>Nous pouvons collecter des informations d&rsquo;identification personnelle aupr\u00e8s des Utilisateurs de diverses mani\u00e8res, y compris, mais sans s&rsquo;y limiter, lorsque les Utilisateurs visitent notre site, s&rsquo;inscrivent sur le site, passent une commande, s&rsquo;abonnent \u00e0 la newsletter, r\u00e9pondent \u00e0 un sondage, remplissent un formulaire, et en relation avec d&rsquo;autres activit\u00e9s, services, fonctionnalit\u00e9s ou ressources que nous mettons \u00e0 disposition sur notre Site. Les Utilisateurs peuvent \u00eatre invit\u00e9s \u00e0 fournir, selon le cas, leur nom, adresse e-mail, adresse postale, num\u00e9ro de t\u00e9l\u00e9phone, informations de carte de cr\u00e9dit. Les Utilisateurs peuvent toutefois visiter notre Site de mani\u00e8re anonyme. Nous collecterons des informations d&rsquo;identification personnelle aupr\u00e8s des Utilisateurs uniquement s&rsquo;ils nous soumettent volontairement ces informations. Les Utilisateurs peuvent toujours refuser de fournir des informations d&rsquo;identification personnelle, sauf que cela peut les emp\u00eacher de participer \u00e0 certaines activit\u00e9s li\u00e9es au Site.<\/p>\n\n\n\n<hr class=\"wp-block-separator has-alpha-channel-opacity\"\/>\n\n\n\n<h2 class=\"wp-block-heading\">Informations d&rsquo;Identification Non Personnelle<\/h2>\n\n\n\n<p>Nous pouvons collecter des informations d&rsquo;identification non personnelle sur les Utilisateurs chaque fois qu&rsquo;ils interagissent avec notre Site. Les informations d&rsquo;identification non personnelle peuvent inclure le nom du navigateur, le type d&rsquo;ordinateur et des informations techniques sur les moyens de connexion des Utilisateurs \u00e0 notre Site, tels que le syst\u00e8me d&rsquo;exploitation et les fournisseurs de services Internet utilis\u00e9s et d&rsquo;autres informations similaires.<\/p>\n\n\n\n<p>Nous engageons dans le remarketing en utilisant Google AdWords. En utilisant des cookies de navigateur web (voir une description ci-dessous), cette technologie nous permet de toucher les Utilisateurs qui ont d\u00e9j\u00e0 visit\u00e9 notre site web et de faire correspondre les bons Utilisateurs avec le bon message sur des sites \u00e0 travers Internet. Vous pouvez vous d\u00e9sinscrire de l&rsquo;utilisation des cookies par Google en visitant les Param\u00e8tres des annonces de Google.<\/p>\n\n\n\n<hr class=\"wp-block-separator has-alpha-channel-opacity\"\/>\n\n\n\n<h2 class=\"wp-block-heading\">Cookies de Navigateur Web<\/h2>\n\n\n\n<p>Notre Site peut utiliser des \u00ab cookies \u00bb pour am\u00e9liorer l&rsquo;exp\u00e9rience de l&rsquo;Utilisateur. Le navigateur web de l&rsquo;Utilisateur place des cookies sur leur disque dur \u00e0 des fins de tenue de dossiers et parfois pour suivre des informations les concernant. L&rsquo;Utilisateur peut choisir de configurer son navigateur web pour refuser les cookies, ou pour vous alerter lorsque des cookies sont envoy\u00e9s. S&rsquo;ils le font, notez que certaines parties du Site peuvent ne pas fonctionner correctement.<\/p>\n\n\n\n<hr class=\"wp-block-separator has-alpha-channel-opacity\"\/>\n\n\n\n<h2 class=\"wp-block-heading\">Comment Nous Utilisons les Informations Collect\u00e9es<\/h2>\n\n\n\n<p>Nous collectons et utilisons les informations personnelles des Utilisateurs pour les finalit\u00e9s suivantes :<\/p>\n\n\n\n<ul class=\"wp-block-list\">\n<li><strong>Personnaliser l&rsquo;exp\u00e9rience de l&rsquo;Utilisateur<\/strong> \u2013 Nous pouvons utiliser les informations dans leur ensemble pour comprendre comment nos Utilisateurs en tant que groupe utilisent les services et ressources fournis sur notre Site.<\/li>\n\n\n\n<li><strong>Am\u00e9liorer notre Site<\/strong> \u2013 Nous nous effor\u00e7ons continuellement d&rsquo;am\u00e9liorer nos offres de site web en fonction des informations et des commentaires que nous recevons de votre part.<\/li>\n\n\n\n<li><strong>Am\u00e9liorer le service client<\/strong> \u2013 Vos informations nous aident \u00e0 r\u00e9pondre plus efficacement \u00e0 vos demandes de service client et \u00e0 vos besoins de support.<\/li>\n\n\n\n<li><strong>Traiter les transactions<\/strong> \u2013 Nous pouvons utiliser les informations que les Utilisateurs fournissent sur eux-m\u00eames lors de la passation d&rsquo;une commande uniquement pour fournir un service \u00e0 cette commande. Nous ne partageons pas ces informations avec des tiers sauf dans la mesure n\u00e9cessaire pour fournir le service.<\/li>\n\n\n\n<li><strong>Administrer un contenu, une promotion, un sondage ou une autre fonctionnalit\u00e9 du Site.<\/strong><\/li>\n\n\n\n<li><strong>Envoyer des informations aux Utilisateurs qu&rsquo;ils ont accept\u00e9 de recevoir sur des sujets que nous pensons \u00eatre d&rsquo;int\u00e9r\u00eat pour eux.<\/strong><\/li>\n\n\n\n<li><strong>Envoyer des e-mails p\u00e9riodiques<\/strong> \u2013 L&rsquo;adresse e-mail que les Utilisateurs fournissent pour le traitement des commandes, ne sera utilis\u00e9e que pour leur envoyer des informations et des mises \u00e0 jour concernant leur commande. Elle peut \u00e9galement \u00eatre utilis\u00e9e pour r\u00e9pondre \u00e0 leurs demandes, et\/ou autres requ\u00eates ou questions. Si l&rsquo;Utilisateur d\u00e9cide de s&rsquo;inscrire \u00e0 notre liste de diffusion, il recevra des e-mails qui peuvent inclure des nouvelles de l&rsquo;entreprise, des mises \u00e0 jour, des informations sur des produits ou services connexes, etc. Si \u00e0 tout moment l&rsquo;Utilisateur souhaite se d\u00e9sabonner de la r\u00e9ception de futurs e-mails, nous incluons des instructions de d\u00e9sabonnement d\u00e9taill\u00e9es au bas de chaque e-mail ou l&rsquo;Utilisateur peut nous contacter via notre Site.<\/li>\n<\/ul>\n\n\n\n<hr class=\"wp-block-separator has-alpha-channel-opacity\"\/>\n\n\n\n<h2 class=\"wp-block-heading\">Comment Nous Prot\u00e9geons Vos Informations<\/h2>\n\n\n\n<p>Nous adoptons des pratiques de collecte, de stockage et de traitement des donn\u00e9es et des mesures de s\u00e9curit\u00e9 appropri\u00e9es pour prot\u00e9ger contre l&rsquo;acc\u00e8s non autoris\u00e9, l&rsquo;alt\u00e9ration, la divulgation ou la destruction de vos informations personnelles, nom d&rsquo;utilisateur, mot de passe, informations de transaction et donn\u00e9es stock\u00e9es sur notre Site. Les \u00e9changes de donn\u00e9es sensibles et priv\u00e9es entre le Site et ses Utilisateurs se font via un canal de communication s\u00e9curis\u00e9 SSL et sont crypt\u00e9s et prot\u00e9g\u00e9s avec des signatures num\u00e9riques. Notre Site est \u00e9galement conforme aux normes de vuln\u00e9rabilit\u00e9 PCI afin de cr\u00e9er un environnement aussi s\u00e9curis\u00e9 que possible pour les Utilisateurs.<\/p>\n\n\n\n<hr class=\"wp-block-separator has-alpha-channel-opacity\"\/>\n\n\n\n<h2 class=\"wp-block-heading\">Partage de Vos Informations Personnelles<\/h2>\n\n\n\n<p>Nous ne vendons ni ne louons les informations d&rsquo;identification personnelle des Utilisateurs \u00e0 des tiers. Nous pouvons partager des informations d\u00e9mographiques g\u00e9n\u00e9riques agr\u00e9g\u00e9es non li\u00e9es \u00e0 aucune information d&rsquo;identification personnelle concernant les visiteurs et les utilisateurs avec nos partenaires commerciaux, affili\u00e9s de confiance et annonceurs pour les finalit\u00e9s d\u00e9crites ci-dessus. Nous pouvons faire appel \u00e0 des prestataires de services tiers pour nous aider \u00e0 exploiter notre entreprise et le Site ou \u00e0 administrer des activit\u00e9s en notre nom, telles que l&rsquo;envoi de newsletters ou de sondages. Nous pouvons partager vos informations avec ces tiers pour ces finalit\u00e9s limit\u00e9es \u00e0 condition que vous nous ayez donn\u00e9 votre permission.<\/p>\n\n\n\n<hr class=\"wp-block-separator has-alpha-channel-opacity\"\/>\n\n\n\n<h2 class=\"wp-block-heading\">Droits d&rsquo;Auteur<\/h2>\n\n\n\n<p>Teesri Duniya Theatre fournit l&rsquo;acc\u00e8s \u00e0 une vari\u00e9t\u00e9 de ressources, y compris, mais sans s&rsquo;y limiter, des textes, photographies, graphiques, images, illustrations, clips audio et vid\u00e9o, logos (collectivement, le \u00ab Contenu \u00bb) qui sont prot\u00e9g\u00e9s par des droits d&rsquo;auteur en tant qu&rsquo;\u0153uvre collective et\/ou compilation en vertu des lois canadiennes sur le droit d&rsquo;auteur, des conventions internationales et d&rsquo;autres lois sur le droit d&rsquo;auteur. Toute reproduction, modification, publication, transmission, cadrage, utilisation abusive, transfert, vente ou distribution du Contenu du Site est interdite sauf consentement pr\u00e9alable de Teesri Duniya Theatre. Nonobstant ce qui pr\u00e9c\u00e8de, l&rsquo;utilisation de ces ressources peut \u00eatre utilis\u00e9e par nos contacts m\u00e9dias \u00e0 des fins de promotion et de nouvelles mais ne doit pas \u00eatre archiv\u00e9e pour une utilisation future. Les avis et\/ou cr\u00e9dits sur le contenu, tels que les s\u00e9quences, photographies, images et logos, ne doivent pas \u00eatre supprim\u00e9s.<\/p>\n\n\n\n<hr class=\"wp-block-separator has-alpha-channel-opacity\"\/>\n\n\n\n<h2 class=\"wp-block-heading\">Sites Web de Tiers<\/h2>\n\n\n\n<p>Les Utilisateurs peuvent trouver de la publicit\u00e9 ou d&rsquo;autres contenus sur notre Site qui renvoient aux sites et services de nos partenaires, fournisseurs, annonceurs, sponsors, conc\u00e9dants et autres tiers. Nous ne contr\u00f4lons pas le contenu ou les liens qui apparaissent sur ces sites et ne sommes pas responsables des pratiques employ\u00e9es par les sites web li\u00e9s \u00e0 ou depuis notre Site. De plus, ces sites ou services, y compris leur contenu et leurs liens, peuvent \u00eatre en constante \u00e9volution. Ces sites et services peuvent avoir leurs propres politiques de confidentialit\u00e9 et politiques de service client. La navigation et l&rsquo;interaction sur tout autre site web, y compris les sites web ayant un lien vers notre Site, sont soumises aux propres termes et politiques de ce site web.<\/p>\n\n\n\n<hr class=\"wp-block-separator has-alpha-channel-opacity\"\/>\n\n\n\n<h2 class=\"wp-block-heading\">Modifications de cette Politique de Confidentialit\u00e9<\/h2>\n\n\n\n<p>Teesri Duniya Theatre a la discr\u00e9tion de mettre \u00e0 jour cette politique de confidentialit\u00e9 \u00e0 tout moment. Lorsque nous le ferons, nous r\u00e9viserons la date mise \u00e0 jour en bas de cette page. Nous encourageons les Utilisateurs \u00e0 v\u00e9rifier fr\u00e9quemment cette page pour tout changement afin de rester inform\u00e9s sur la mani\u00e8re dont nous aidons \u00e0 prot\u00e9ger les informations personnelles que nous collectons. Vous reconnaissez et acceptez qu&rsquo;il est de votre responsabilit\u00e9 de revoir p\u00e9riodiquement cette politique de confidentialit\u00e9 et de prendre connaissance des modifications.<\/p>\n\n\n\n<hr class=\"wp-block-separator has-alpha-channel-opacity\"\/>\n\n\n\n<h2 class=\"wp-block-heading\">Votre Acceptation de ces Termes<\/h2>\n\n\n\n<p>En utilisant ce Site, vous signifiez votre acceptation de cette politique. Si vous n&rsquo;acceptez pas cette politique, veuillez ne pas utiliser notre Site. Votre utilisation continue du Site apr\u00e8s la publication des modifications de cette politique sera consid\u00e9r\u00e9e comme votre acceptation de ces modifications.<\/p>\n\n\n\n<hr class=\"wp-block-separator has-alpha-channel-opacity\"\/>\n\n\n\n<h2 class=\"wp-block-heading\">Nos Coordonn\u00e9es<\/h2>\n\n\n\n<p>Teesri Duniya Theatre<\/p>\n\n\n\n<p>Cit\u00e9-des-Hospitali\u00e8res | 251 Avenue des Pins (unit\u00e9 148), Montr\u00e9al, QC, H2W1R5<\/p>\n\n\n\n<p>Num\u00e9ro d&rsquo;entreprise : 1144755106<\/p>\n\n\n\n<p>Num\u00e9ro de charit\u00e9 : 877846147RR0001<\/p>\n\n\n\n<p>T\u00e9l\u00e9phone : 514-848-0238<\/p>\n\n\n\n<p>Email : <a href=\"mailto:admin@teesriduniyatheatre.com\" rel=\"noreferrer noopener\" target=\"_blank\">admin@teesriduniyatheatre.com<\/a><\/p>\n\n\n\n<p><a href=\"http:\/\/teesriduniyatheatre.com\/\" target=\"_blank\" rel=\"noreferrer noopener\">http:\/\/teesriduniyatheatre.com<\/a><\/p>\n\n\n\n<div style=\"height:30px\" aria-hidden=\"true\" class=\"wp-block-spacer\"><\/div>\n","protected":false},"excerpt":{"rendered":"<p>Cette Politique de Confidentialit\u00e9 r\u00e9git la mani\u00e8re dont Teesri Duniya Theatre collecte, utilise, maintient et divulgue les informations collect\u00e9es aupr\u00e8s des utilisateurs (chacun, un \u00ab [&hellip;]<\/p>\n","protected":false},"author":1,"featured_media":0,"parent":0,"menu_order":0,"comment_status":"closed","ping_status":"open","template":"","meta":{"_acf_changed":true,"footnotes":""},"class_list":["post-2280","page","type-page","status-publish","hentry"],"acf":[],"yoast_head":"<!-- This site is optimized with the Yoast SEO plugin v27.0 - https:\/\/yoast.com\/product\/yoast-seo-wordpress\/ -->\n<title>Politique de Confidentialit\u00e9 | Teesri Duniya - Change the World One Play at a Time<\/title>\n<meta name=\"robots\" content=\"index, follow, max-snippet:-1, max-image-preview:large, max-video-preview:-1\" \/>\n<link rel=\"canonical\" href=\"https:\/\/teesriduniyatheatre.com\/fr\/privacy-policy\/\" \/>\n<meta property=\"og:locale\" content=\"fr_FR\" \/>\n<meta property=\"og:type\" content=\"article\" \/>\n<meta property=\"og:title\" content=\"Politique de Confidentialit\u00e9 | Teesri Duniya - Change the World One Play at a Time\" \/>\n<meta property=\"og:description\" content=\"Cette Politique de Confidentialit\u00e9 r\u00e9git la mani\u00e8re dont Teesri Duniya Theatre collecte, utilise, maintient et divulgue les informations collect\u00e9es aupr\u00e8s des utilisateurs (chacun, un \u00ab [&hellip;]\" \/>\n<meta property=\"og:url\" content=\"https:\/\/teesriduniyatheatre.com\/fr\/privacy-policy\/\" \/>\n<meta property=\"og:site_name\" content=\"Teesri Duniya\" \/>\n<meta property=\"article:publisher\" content=\"https:\/\/www.facebook.com\/teesriduniyatheatre\" \/>\n<meta property=\"article:modified_time\" content=\"2024-08-08T19:42:55+00:00\" \/>\n<meta property=\"og:image\" content=\"https:\/\/teesriduniyatheatre.com\/wp-content\/uploads\/2024\/06\/home.jpeg\" \/>\n\t<meta property=\"og:image:width\" content=\"1600\" \/>\n\t<meta property=\"og:image:height\" content=\"750\" \/>\n\t<meta property=\"og:image:type\" content=\"image\/jpeg\" \/>\n<meta name=\"twitter:card\" content=\"summary_large_image\" \/>\n<script type=\"application\/ld+json\" class=\"yoast-schema-graph\">{\"@context\":\"https:\/\/schema.org\",\"@graph\":[{\"@type\":\"WebPage\",\"@id\":\"https:\/\/teesriduniyatheatre.com\/fr\/privacy-policy\/\",\"url\":\"https:\/\/teesriduniyatheatre.com\/fr\/privacy-policy\/\",\"name\":\"Politique de Confidentialit\u00e9 | Teesri Duniya - Change the World One Play at a Time\",\"isPartOf\":{\"@id\":\"https:\/\/teesriduniyatheatre.com\/fr\/#website\"},\"datePublished\":\"2024-01-02T21:57:45+00:00\",\"dateModified\":\"2024-08-08T19:42:55+00:00\",\"breadcrumb\":{\"@id\":\"https:\/\/teesriduniyatheatre.com\/fr\/privacy-policy\/#breadcrumb\"},\"inLanguage\":\"fr-FR\",\"potentialAction\":[{\"@type\":\"ReadAction\",\"target\":[\"https:\/\/teesriduniyatheatre.com\/fr\/privacy-policy\/\"]}]},{\"@type\":\"BreadcrumbList\",\"@id\":\"https:\/\/teesriduniyatheatre.com\/fr\/privacy-policy\/#breadcrumb\",\"itemListElement\":[{\"@type\":\"ListItem\",\"position\":1,\"name\":\"Home\",\"item\":\"https:\/\/teesriduniyatheatre.com\/fr\/\"},{\"@type\":\"ListItem\",\"position\":2,\"name\":\"Politique de Confidentialit\u00e9\"}]},{\"@type\":\"WebSite\",\"@id\":\"https:\/\/teesriduniyatheatre.com\/fr\/#website\",\"url\":\"https:\/\/teesriduniyatheatre.com\/fr\/\",\"name\":\"Teesri Duniya Theatre\",\"description\":\"Change the World One Play at a Time\",\"publisher\":{\"@id\":\"https:\/\/teesriduniyatheatre.com\/fr\/\/#organization\"},\"alternateName\":\"Teesri Duniya\",\"potentialAction\":[{\"@type\":\"SearchAction\",\"target\":{\"@type\":\"EntryPoint\",\"urlTemplate\":\"https:\/\/teesriduniyatheatre.com\/fr\/?s={search_term_string}\"},\"query-input\":{\"@type\":\"PropertyValueSpecification\",\"valueRequired\":true,\"valueName\":\"search_term_string\"}}],\"inLanguage\":\"fr-FR\"},{\"@type\":\"Organization\",\"@id\":\"https:\/\/teesriduniyatheatre.com\/fr\/#organization\",\"name\":\"Teesri Duniya Theatre\",\"alternateName\":\"Teesri Duniya\",\"url\":\"https:\/\/teesriduniyatheatre.com\/fr\/\",\"logo\":{\"@type\":\"ImageObject\",\"inLanguage\":\"fr-FR\",\"@id\":\"https:\/\/teesriduniyatheatre.com\/fr\/#\/schema\/logo\/image\/\",\"url\":\"https:\/\/teesriduniyatheatre.com\/wp-content\/uploads\/2024\/07\/Teesri-member-profile-pic.jpg\",\"contentUrl\":\"https:\/\/teesriduniyatheatre.com\/wp-content\/uploads\/2024\/07\/Teesri-member-profile-pic.jpg\",\"width\":1000,\"height\":1000,\"caption\":\"Teesri Duniya Theatre\"},\"image\":{\"@id\":\"https:\/\/teesriduniyatheatre.com\/fr\/#\/schema\/logo\/image\/\"},\"sameAs\":[\"https:\/\/www.facebook.com\/teesriduniyatheatre\",\"https:\/\/www.instagram.com\/teesriduniya.theatre\/\",\"https:\/\/www.youtube.com\/channel\/UCcIZrjLUwqKhYuauNaZ-IQA\",\"https:\/\/facebook.com\/teesriduniyatheatre\",\"https:\/\/instagram.com\/teesriduniya.theatre\"],\"contactPoint\":{\"@type\":\"ContactPoint\",\"contactType\":\"Sales\",\"email\":\"info@teesriduniyatheatre.com\",\"telephone\":\"+15148480238\"},\"location\":[{\"@type\":\"ProfessionalService\",\"@id\":\"https:\/\/teesriduniyatheatre.com\/#location_0\",\"name\":\"Teesri Duniya Theatre\",\"parentOrganization\":{\"@id\":\"https:\/\/teesriduniyatheatre.com\/#organization\"},\"address\":{\"@type\":\"PostalAddress\",\"streetAddress\":\"Cit\u00e9-des-Hospitali\u00e8res 251 Avenue des Pins Ouest\",\"addressLocality\":\"Montreal\",\"addressRegion\":\"QC\",\"postalCode\":\"H2W1R5\",\"addressCountry\":\"CA\"},\"image\":{\"@type\":\"ImageObject\",\"url\":\"https:\/\/teesriduniyatheatre.com\/wp-content\/themes\/wundertheme2025\/assets\/img\/logo.png\"},\"geo\":{\"@type\":\"GeoCoordinates\",\"latitude\":45.51292,\"longitude\":-73.57798}}]}]}<\/script>\n<!-- \/ Yoast SEO plugin. -->","yoast_head_json":{"title":"Politique de Confidentialit\u00e9 | Teesri Duniya - Change the World One Play at a Time","robots":{"index":"index","follow":"follow","max-snippet":"max-snippet:-1","max-image-preview":"max-image-preview:large","max-video-preview":"max-video-preview:-1"},"canonical":"https:\/\/teesriduniyatheatre.com\/fr\/privacy-policy\/","og_locale":"fr_FR","og_type":"article","og_title":"Politique de Confidentialit\u00e9 | Teesri Duniya - Change the World One Play at a Time","og_description":"Cette Politique de Confidentialit\u00e9 r\u00e9git la mani\u00e8re dont Teesri Duniya Theatre collecte, utilise, maintient et divulgue les informations collect\u00e9es aupr\u00e8s des utilisateurs (chacun, un \u00ab [&hellip;]","og_url":"https:\/\/teesriduniyatheatre.com\/fr\/privacy-policy\/","og_site_name":"Teesri Duniya","article_publisher":"https:\/\/www.facebook.com\/teesriduniyatheatre","article_modified_time":"2024-08-08T19:42:55+00:00","og_image":[{"width":1600,"height":750,"url":"https:\/\/teesriduniyatheatre.com\/wp-content\/uploads\/2024\/06\/home.jpeg","type":"image\/jpeg"}],"twitter_card":"summary_large_image","schema":{"@context":"https:\/\/schema.org","@graph":[{"@type":"WebPage","@id":"https:\/\/teesriduniyatheatre.com\/fr\/privacy-policy\/","url":"https:\/\/teesriduniyatheatre.com\/fr\/privacy-policy\/","name":"Politique de Confidentialit\u00e9 | Teesri Duniya - Change the World One Play at a Time","isPartOf":{"@id":"https:\/\/teesriduniyatheatre.com\/fr\/#website"},"datePublished":"2024-01-02T21:57:45+00:00","dateModified":"2024-08-08T19:42:55+00:00","breadcrumb":{"@id":"https:\/\/teesriduniyatheatre.com\/fr\/privacy-policy\/#breadcrumb"},"inLanguage":"fr-FR","potentialAction":[{"@type":"ReadAction","target":["https:\/\/teesriduniyatheatre.com\/fr\/privacy-policy\/"]}]},{"@type":"BreadcrumbList","@id":"https:\/\/teesriduniyatheatre.com\/fr\/privacy-policy\/#breadcrumb","itemListElement":[{"@type":"ListItem","position":1,"name":"Home","item":"https:\/\/teesriduniyatheatre.com\/fr\/"},{"@type":"ListItem","position":2,"name":"Politique de Confidentialit\u00e9"}]},{"@type":"WebSite","@id":"https:\/\/teesriduniyatheatre.com\/fr\/#website","url":"https:\/\/teesriduniyatheatre.com\/fr\/","name":"Teesri Duniya Theatre","description":"Change the World One Play at a Time","publisher":{"@id":"https:\/\/teesriduniyatheatre.com\/fr\/\/#organization"},"alternateName":"Teesri Duniya","potentialAction":[{"@type":"SearchAction","target":{"@type":"EntryPoint","urlTemplate":"https:\/\/teesriduniyatheatre.com\/fr\/?s={search_term_string}"},"query-input":{"@type":"PropertyValueSpecification","valueRequired":true,"valueName":"search_term_string"}}],"inLanguage":"fr-FR"},{"@type":"Organization","@id":"https:\/\/teesriduniyatheatre.com\/fr\/#organization","name":"Teesri Duniya Theatre","alternateName":"Teesri Duniya","url":"https:\/\/teesriduniyatheatre.com\/fr\/","logo":{"@type":"ImageObject","inLanguage":"fr-FR","@id":"https:\/\/teesriduniyatheatre.com\/fr\/#\/schema\/logo\/image\/","url":"https:\/\/teesriduniyatheatre.com\/wp-content\/uploads\/2024\/07\/Teesri-member-profile-pic.jpg","contentUrl":"https:\/\/teesriduniyatheatre.com\/wp-content\/uploads\/2024\/07\/Teesri-member-profile-pic.jpg","width":1000,"height":1000,"caption":"Teesri Duniya Theatre"},"image":{"@id":"https:\/\/teesriduniyatheatre.com\/fr\/#\/schema\/logo\/image\/"},"sameAs":["https:\/\/www.facebook.com\/teesriduniyatheatre","https:\/\/www.instagram.com\/teesriduniya.theatre\/","https:\/\/www.youtube.com\/channel\/UCcIZrjLUwqKhYuauNaZ-IQA","https:\/\/facebook.com\/teesriduniyatheatre","https:\/\/instagram.com\/teesriduniya.theatre"],"contactPoint":{"@type":"ContactPoint","contactType":"Sales","email":"info@teesriduniyatheatre.com","telephone":"+15148480238"},"location":[{"@type":"ProfessionalService","@id":"https:\/\/teesriduniyatheatre.com\/#location_0","name":"Teesri Duniya Theatre","parentOrganization":{"@id":"https:\/\/teesriduniyatheatre.com\/#organization"},"address":{"@type":"PostalAddress","streetAddress":"Cit\u00e9-des-Hospitali\u00e8res 251 Avenue des Pins Ouest","addressLocality":"Montreal","addressRegion":"QC","postalCode":"H2W1R5","addressCountry":"CA"},"image":{"@type":"ImageObject","url":"https:\/\/teesriduniyatheatre.com\/wp-content\/themes\/wundertheme2025\/assets\/img\/logo.png"},"geo":{"@type":"GeoCoordinates","latitude":45.51292,"longitude":-73.57798}}]}]}},"_links":{"self":[{"href":"https:\/\/teesriduniyatheatre.com\/fr\/wp-json\/wp\/v2\/pages\/2280","targetHints":{"allow":["GET"]}}],"collection":[{"href":"https:\/\/teesriduniyatheatre.com\/fr\/wp-json\/wp\/v2\/pages"}],"about":[{"href":"https:\/\/teesriduniyatheatre.com\/fr\/wp-json\/wp\/v2\/types\/page"}],"author":[{"embeddable":true,"href":"https:\/\/teesriduniyatheatre.com\/fr\/wp-json\/wp\/v2\/users\/1"}],"replies":[{"embeddable":true,"href":"https:\/\/teesriduniyatheatre.com\/fr\/wp-json\/wp\/v2\/comments?post=2280"}],"version-history":[{"count":0,"href":"https:\/\/teesriduniyatheatre.com\/fr\/wp-json\/wp\/v2\/pages\/2280\/revisions"}],"wp:attachment":[{"href":"https:\/\/teesriduniyatheatre.com\/fr\/wp-json\/wp\/v2\/media?parent=2280"}],"curies":[{"name":"wp","href":"https:\/\/api.w.org\/{rel}","templated":true}]}}