{"id":1605,"date":"2024-02-20T05:14:20","date_gmt":"2024-02-20T10:14:20","guid":{"rendered":"https:\/\/teesriduniyatheatre.com\/events\/"},"modified":"2024-09-17T16:21:37","modified_gmt":"2024-09-17T20:21:37","slug":"evenements-page","status":"publish","type":"page","link":"https:\/\/teesriduniyatheatre.com\/fr\/evenements-page\/","title":{"rendered":"\u00c9v\u00e9nements Page"},"content":{"rendered":"\n<div style=\"height:30px\" aria-hidden=\"true\" class=\"wp-block-spacer\"><\/div>\n\n\n\n<p>Nous sommes profond\u00e9ment enracin\u00e9s dans le milieu des arts de la sc\u00e8ne de Montr\u00e9al. Nous avons une riche histoire d&rsquo;\u0153uvres qui d\u00e9fient le statu quo, mettant en avant la diversit\u00e9 culturelle. \u00c0 travers nos productions et activit\u00e9s parath\u00e9\u00e2trales, nous cherchons \u00e0 remettre en question les perspectives des gens en pr\u00e9sentant des \u0153uvres qui abordent des enjeux mondiaux avec des impacts locaux r\u00e9sonnants.<\/p>\n\n\n\n<p>Depuis notre cr\u00e9ation en 1981, nous avons pr\u00e9sent\u00e9 des dizaines de productions et organis\u00e9 des centaines d&rsquo;\u00e9v\u00e9nements sur des sujets allant de la catastrophe industrielle mortelle de Bhopal, en Inde, au g\u00e9nocide en cours \u00e0 Gaza, en Palestine occup\u00e9e.<\/p>\n\n\n\n<div style=\"height:30px\" aria-hidden=\"true\" class=\"wp-block-spacer\"><\/div>\n\n\n<p>CONTENTS<\/p>","protected":false},"excerpt":{"rendered":"<p>CONTENTS<\/p>\n","protected":false},"author":2,"featured_media":954,"parent":0,"menu_order":0,"comment_status":"closed","ping_status":"open","template":"","meta":{"_acf_changed":false,"footnotes":""},"class_list":["post-1605","page","type-page","status-publish","has-post-thumbnail","hentry"],"acf":[],"yoast_head":"<!-- This site is optimized with the Yoast SEO plugin v27.0 - https:\/\/yoast.com\/product\/yoast-seo-wordpress\/ -->\n<title>\u00c9v\u00e9nements Page | Teesri Duniya - Change the World One Play at a Time<\/title>\n<meta name=\"robots\" content=\"index, follow, max-snippet:-1, max-image-preview:large, max-video-preview:-1\" \/>\n<link rel=\"canonical\" href=\"https:\/\/teesriduniyatheatre.com\/fr\/evenements-page\/\" \/>\n<meta property=\"og:locale\" content=\"fr_FR\" \/>\n<meta property=\"og:type\" content=\"article\" \/>\n<meta property=\"og:title\" content=\"\u00c9v\u00e9nements Page | Teesri Duniya - Change the World One Play at a Time\" \/>\n<meta property=\"og:description\" content=\"CONTENTS\" \/>\n<meta property=\"og:url\" content=\"https:\/\/teesriduniyatheatre.com\/fr\/evenements-page\/\" \/>\n<meta property=\"og:site_name\" content=\"Teesri Duniya\" \/>\n<meta property=\"article:publisher\" content=\"https:\/\/www.facebook.com\/teesriduniyatheatre\" \/>\n<meta property=\"article:modified_time\" content=\"2024-09-17T20:21:37+00:00\" \/>\n<meta property=\"og:image\" content=\"https:\/\/teesriduniyatheatre.com\/wp-content\/uploads\/2024\/07\/1.jpg\" \/>\n\t<meta property=\"og:image:width\" content=\"1600\" \/>\n\t<meta property=\"og:image:height\" content=\"900\" \/>\n\t<meta property=\"og:image:type\" content=\"image\/jpeg\" \/>\n<meta name=\"twitter:card\" content=\"summary_large_image\" \/>\n<script type=\"application\/ld+json\" class=\"yoast-schema-graph\">{\"@context\":\"https:\/\/schema.org\",\"@graph\":[{\"@type\":\"WebPage\",\"@id\":\"https:\/\/teesriduniyatheatre.com\/fr\/evenements-page\/\",\"url\":\"https:\/\/teesriduniyatheatre.com\/fr\/evenements-page\/\",\"name\":\"\u00c9v\u00e9nements Page | Teesri Duniya - Change the World One Play at a Time\",\"isPartOf\":{\"@id\":\"https:\/\/teesriduniyatheatre.com\/fr\/#website\"},\"primaryImageOfPage\":{\"@id\":\"https:\/\/teesriduniyatheatre.com\/fr\/evenements-page\/#primaryimage\"},\"image\":{\"@id\":\"https:\/\/teesriduniyatheatre.com\/fr\/evenements-page\/#primaryimage\"},\"thumbnailUrl\":\"https:\/\/teesriduniyatheatre.com\/wp-content\/uploads\/2024\/07\/1.jpg\",\"datePublished\":\"2024-02-20T10:14:20+00:00\",\"dateModified\":\"2024-09-17T20:21:37+00:00\",\"breadcrumb\":{\"@id\":\"https:\/\/teesriduniyatheatre.com\/fr\/evenements-page\/#breadcrumb\"},\"inLanguage\":\"fr-FR\",\"potentialAction\":[{\"@type\":\"ReadAction\",\"target\":[\"https:\/\/teesriduniyatheatre.com\/fr\/evenements-page\/\"]}]},{\"@type\":\"ImageObject\",\"inLanguage\":\"fr-FR\",\"@id\":\"https:\/\/teesriduniyatheatre.com\/fr\/evenements-page\/#primaryimage\",\"url\":\"https:\/\/teesriduniyatheatre.com\/wp-content\/uploads\/2024\/07\/1.jpg\",\"contentUrl\":\"https:\/\/teesriduniyatheatre.com\/wp-content\/uploads\/2024\/07\/1.jpg\",\"width\":1600,\"height\":900},{\"@type\":\"BreadcrumbList\",\"@id\":\"https:\/\/teesriduniyatheatre.com\/fr\/evenements-page\/#breadcrumb\",\"itemListElement\":[{\"@type\":\"ListItem\",\"position\":1,\"name\":\"Home\",\"item\":\"https:\/\/teesriduniyatheatre.com\/fr\/\"},{\"@type\":\"ListItem\",\"position\":2,\"name\":\"\u00c9v\u00e9nements Page\"}]},{\"@type\":\"WebSite\",\"@id\":\"https:\/\/teesriduniyatheatre.com\/fr\/#website\",\"url\":\"https:\/\/teesriduniyatheatre.com\/fr\/\",\"name\":\"Teesri Duniya Theatre\",\"description\":\"Change the World One Play at a Time\",\"publisher\":{\"@id\":\"https:\/\/teesriduniyatheatre.com\/fr\/\/#organization\"},\"alternateName\":\"Teesri Duniya\",\"potentialAction\":[{\"@type\":\"SearchAction\",\"target\":{\"@type\":\"EntryPoint\",\"urlTemplate\":\"https:\/\/teesriduniyatheatre.com\/fr\/?s={search_term_string}\"},\"query-input\":{\"@type\":\"PropertyValueSpecification\",\"valueRequired\":true,\"valueName\":\"search_term_string\"}}],\"inLanguage\":\"fr-FR\"},{\"@type\":\"Organization\",\"@id\":\"https:\/\/teesriduniyatheatre.com\/fr\/#organization\",\"name\":\"Teesri Duniya Theatre\",\"alternateName\":\"Teesri Duniya\",\"url\":\"https:\/\/teesriduniyatheatre.com\/fr\/\",\"logo\":{\"@type\":\"ImageObject\",\"inLanguage\":\"fr-FR\",\"@id\":\"https:\/\/teesriduniyatheatre.com\/fr\/#\/schema\/logo\/image\/\",\"url\":\"https:\/\/teesriduniyatheatre.com\/wp-content\/uploads\/2024\/07\/Teesri-member-profile-pic.jpg\",\"contentUrl\":\"https:\/\/teesriduniyatheatre.com\/wp-content\/uploads\/2024\/07\/Teesri-member-profile-pic.jpg\",\"width\":1000,\"height\":1000,\"caption\":\"Teesri Duniya Theatre\"},\"image\":{\"@id\":\"https:\/\/teesriduniyatheatre.com\/fr\/#\/schema\/logo\/image\/\"},\"sameAs\":[\"https:\/\/www.facebook.com\/teesriduniyatheatre\",\"https:\/\/www.instagram.com\/teesriduniya.theatre\/\",\"https:\/\/www.youtube.com\/channel\/UCcIZrjLUwqKhYuauNaZ-IQA\",\"https:\/\/facebook.com\/teesriduniyatheatre\",\"https:\/\/instagram.com\/teesriduniya.theatre\"],\"contactPoint\":{\"@type\":\"ContactPoint\",\"contactType\":\"Sales\",\"email\":\"info@teesriduniyatheatre.com\",\"telephone\":\"+15148480238\"},\"location\":[{\"@type\":\"ProfessionalService\",\"@id\":\"https:\/\/teesriduniyatheatre.com\/#location_0\",\"name\":\"Teesri Duniya Theatre\",\"parentOrganization\":{\"@id\":\"https:\/\/teesriduniyatheatre.com\/#organization\"},\"address\":{\"@type\":\"PostalAddress\",\"streetAddress\":\"Cit\u00e9-des-Hospitali\u00e8res 251 Avenue des Pins Ouest\",\"addressLocality\":\"Montreal\",\"addressRegion\":\"QC\",\"postalCode\":\"H2W1R5\",\"addressCountry\":\"CA\"},\"image\":{\"@type\":\"ImageObject\",\"url\":\"https:\/\/teesriduniyatheatre.com\/wp-content\/themes\/wundertheme2025\/assets\/img\/logo.png\"},\"geo\":{\"@type\":\"GeoCoordinates\",\"latitude\":45.51292,\"longitude\":-73.57798}}]}]}<\/script>\n<!-- \/ Yoast SEO plugin. -->","yoast_head_json":{"title":"\u00c9v\u00e9nements Page | Teesri Duniya - Change the World One Play at a Time","robots":{"index":"index","follow":"follow","max-snippet":"max-snippet:-1","max-image-preview":"max-image-preview:large","max-video-preview":"max-video-preview:-1"},"canonical":"https:\/\/teesriduniyatheatre.com\/fr\/evenements-page\/","og_locale":"fr_FR","og_type":"article","og_title":"\u00c9v\u00e9nements Page | Teesri Duniya - Change the World One Play at a Time","og_description":"CONTENTS","og_url":"https:\/\/teesriduniyatheatre.com\/fr\/evenements-page\/","og_site_name":"Teesri Duniya","article_publisher":"https:\/\/www.facebook.com\/teesriduniyatheatre","article_modified_time":"2024-09-17T20:21:37+00:00","og_image":[{"width":1600,"height":900,"url":"https:\/\/teesriduniyatheatre.com\/wp-content\/uploads\/2024\/07\/1.jpg","type":"image\/jpeg"}],"twitter_card":"summary_large_image","schema":{"@context":"https:\/\/schema.org","@graph":[{"@type":"WebPage","@id":"https:\/\/teesriduniyatheatre.com\/fr\/evenements-page\/","url":"https:\/\/teesriduniyatheatre.com\/fr\/evenements-page\/","name":"\u00c9v\u00e9nements Page | Teesri Duniya - Change the World One Play at a Time","isPartOf":{"@id":"https:\/\/teesriduniyatheatre.com\/fr\/#website"},"primaryImageOfPage":{"@id":"https:\/\/teesriduniyatheatre.com\/fr\/evenements-page\/#primaryimage"},"image":{"@id":"https:\/\/teesriduniyatheatre.com\/fr\/evenements-page\/#primaryimage"},"thumbnailUrl":"https:\/\/teesriduniyatheatre.com\/wp-content\/uploads\/2024\/07\/1.jpg","datePublished":"2024-02-20T10:14:20+00:00","dateModified":"2024-09-17T20:21:37+00:00","breadcrumb":{"@id":"https:\/\/teesriduniyatheatre.com\/fr\/evenements-page\/#breadcrumb"},"inLanguage":"fr-FR","potentialAction":[{"@type":"ReadAction","target":["https:\/\/teesriduniyatheatre.com\/fr\/evenements-page\/"]}]},{"@type":"ImageObject","inLanguage":"fr-FR","@id":"https:\/\/teesriduniyatheatre.com\/fr\/evenements-page\/#primaryimage","url":"https:\/\/teesriduniyatheatre.com\/wp-content\/uploads\/2024\/07\/1.jpg","contentUrl":"https:\/\/teesriduniyatheatre.com\/wp-content\/uploads\/2024\/07\/1.jpg","width":1600,"height":900},{"@type":"BreadcrumbList","@id":"https:\/\/teesriduniyatheatre.com\/fr\/evenements-page\/#breadcrumb","itemListElement":[{"@type":"ListItem","position":1,"name":"Home","item":"https:\/\/teesriduniyatheatre.com\/fr\/"},{"@type":"ListItem","position":2,"name":"\u00c9v\u00e9nements Page"}]},{"@type":"WebSite","@id":"https:\/\/teesriduniyatheatre.com\/fr\/#website","url":"https:\/\/teesriduniyatheatre.com\/fr\/","name":"Teesri Duniya Theatre","description":"Change the World One Play at a Time","publisher":{"@id":"https:\/\/teesriduniyatheatre.com\/fr\/\/#organization"},"alternateName":"Teesri Duniya","potentialAction":[{"@type":"SearchAction","target":{"@type":"EntryPoint","urlTemplate":"https:\/\/teesriduniyatheatre.com\/fr\/?s={search_term_string}"},"query-input":{"@type":"PropertyValueSpecification","valueRequired":true,"valueName":"search_term_string"}}],"inLanguage":"fr-FR"},{"@type":"Organization","@id":"https:\/\/teesriduniyatheatre.com\/fr\/#organization","name":"Teesri Duniya Theatre","alternateName":"Teesri Duniya","url":"https:\/\/teesriduniyatheatre.com\/fr\/","logo":{"@type":"ImageObject","inLanguage":"fr-FR","@id":"https:\/\/teesriduniyatheatre.com\/fr\/#\/schema\/logo\/image\/","url":"https:\/\/teesriduniyatheatre.com\/wp-content\/uploads\/2024\/07\/Teesri-member-profile-pic.jpg","contentUrl":"https:\/\/teesriduniyatheatre.com\/wp-content\/uploads\/2024\/07\/Teesri-member-profile-pic.jpg","width":1000,"height":1000,"caption":"Teesri Duniya Theatre"},"image":{"@id":"https:\/\/teesriduniyatheatre.com\/fr\/#\/schema\/logo\/image\/"},"sameAs":["https:\/\/www.facebook.com\/teesriduniyatheatre","https:\/\/www.instagram.com\/teesriduniya.theatre\/","https:\/\/www.youtube.com\/channel\/UCcIZrjLUwqKhYuauNaZ-IQA","https:\/\/facebook.com\/teesriduniyatheatre","https:\/\/instagram.com\/teesriduniya.theatre"],"contactPoint":{"@type":"ContactPoint","contactType":"Sales","email":"info@teesriduniyatheatre.com","telephone":"+15148480238"},"location":[{"@type":"ProfessionalService","@id":"https:\/\/teesriduniyatheatre.com\/#location_0","name":"Teesri Duniya Theatre","parentOrganization":{"@id":"https:\/\/teesriduniyatheatre.com\/#organization"},"address":{"@type":"PostalAddress","streetAddress":"Cit\u00e9-des-Hospitali\u00e8res 251 Avenue des Pins Ouest","addressLocality":"Montreal","addressRegion":"QC","postalCode":"H2W1R5","addressCountry":"CA"},"image":{"@type":"ImageObject","url":"https:\/\/teesriduniyatheatre.com\/wp-content\/themes\/wundertheme2025\/assets\/img\/logo.png"},"geo":{"@type":"GeoCoordinates","latitude":45.51292,"longitude":-73.57798}}]}]}},"_links":{"self":[{"href":"https:\/\/teesriduniyatheatre.com\/fr\/wp-json\/wp\/v2\/pages\/1605","targetHints":{"allow":["GET"]}}],"collection":[{"href":"https:\/\/teesriduniyatheatre.com\/fr\/wp-json\/wp\/v2\/pages"}],"about":[{"href":"https:\/\/teesriduniyatheatre.com\/fr\/wp-json\/wp\/v2\/types\/page"}],"author":[{"embeddable":true,"href":"https:\/\/teesriduniyatheatre.com\/fr\/wp-json\/wp\/v2\/users\/2"}],"replies":[{"embeddable":true,"href":"https:\/\/teesriduniyatheatre.com\/fr\/wp-json\/wp\/v2\/comments?post=1605"}],"version-history":[{"count":0,"href":"https:\/\/teesriduniyatheatre.com\/fr\/wp-json\/wp\/v2\/pages\/1605\/revisions"}],"wp:featuredmedia":[{"embeddable":true,"href":"https:\/\/teesriduniyatheatre.com\/fr\/wp-json\/wp\/v2\/media\/954"}],"wp:attachment":[{"href":"https:\/\/teesriduniyatheatre.com\/fr\/wp-json\/wp\/v2\/media?parent=1605"}],"curies":[{"name":"wp","href":"https:\/\/api.w.org\/{rel}","templated":true}]}}